{"id":8148,"date":"2019-08-22T15:27:44","date_gmt":"2019-08-22T12:27:44","guid":{"rendered":"http:\/\/www.hilaro.ee\/wordpress\/?page_id=8148"},"modified":"2019-08-22T15:36:15","modified_gmt":"2019-08-22T12:36:15","slug":"hing","status":"publish","type":"page","link":"https:\/\/www.hilaro.ee\/wordpress\/muusika\/hing\/","title":{"rendered":"Hing"},"content":{"rendered":"\n<style type=\"text\/css\" data-created_by=\"avia_inline_auto\" id=\"style-css-av-78n0uc-00234200a053d7a1aa025be98da2810a\">\n.avia-section.av-78n0uc-00234200a053d7a1aa025be98da2810a .av-section-color-overlay{\nopacity:0.7;\nbackground-color:#000000;\n}\n<\/style>\n<div id='av_section_1'  class='avia-section av-78n0uc-00234200a053d7a1aa025be98da2810a main_color avia-section-huge avia-no-border-styling  avia-builder-el-0  el_before_av_section  avia-builder-el-first  avia-bg-style-scroll av-section-color-overlay-active container_wrap sidebar_right'  ><div class=\"av-section-color-overlay-wrap\"><div class=\"av-section-color-overlay\"><\/div><div class='container av-section-cont-open' ><main  role=\"main\" itemprop=\"mainContentOfPage\"  class='template-page content  av-content-small alpha units'><div class='post-entry post-entry-type-page post-entry-8148'><div class='entry-content-wrapper clearfix'>\n\n<style type=\"text\/css\" data-created_by=\"avia_inline_auto\" id=\"style-css-av-jzmnxgjf-c4f32d5f7dd7286a3c1aed6f1fe0a85e\">\n#top .av-special-heading.av-jzmnxgjf-c4f32d5f7dd7286a3c1aed6f1fe0a85e{\npadding-bottom:0;\nfont-size:90px;\n}\nbody .av-special-heading.av-jzmnxgjf-c4f32d5f7dd7286a3c1aed6f1fe0a85e .av-special-heading-tag .heading-char{\nfont-size:25px;\n}\n#top #wrap_all .av-special-heading.av-jzmnxgjf-c4f32d5f7dd7286a3c1aed6f1fe0a85e .av-special-heading-tag{\nfont-size:90px;\n}\n.av-special-heading.av-jzmnxgjf-c4f32d5f7dd7286a3c1aed6f1fe0a85e .av-subheading{\nfont-size:15px;\n}\n\n@media only screen and (min-width: 480px) and (max-width: 767px){ \n#top #wrap_all .av-special-heading.av-jzmnxgjf-c4f32d5f7dd7286a3c1aed6f1fe0a85e .av-special-heading-tag{\nfont-size:0.8em;\n}\n}\n\n@media only screen and (max-width: 479px){ \n#top #wrap_all .av-special-heading.av-jzmnxgjf-c4f32d5f7dd7286a3c1aed6f1fe0a85e .av-special-heading-tag{\nfont-size:0.8em;\n}\n}\n<\/style>\n<div  class='av-special-heading av-jzmnxgjf-c4f32d5f7dd7286a3c1aed6f1fe0a85e av-special-heading-h3 blockquote modern-quote modern-centered  avia-builder-el-1  avia-builder-el-no-sibling  av-inherit-size'><h3 class='av-special-heading-tag '  itemprop=\"headline\"  >Hing?<\/h3><div class='av-subheading av-subheading_below'><p>Impro liikumise h\u00e4\u00e4ltele<\/p>\n<\/div><div class=\"special-heading-border\"><div class=\"special-heading-inner-border\"><\/div><\/div><\/div>\n<\/div><\/div><\/main><!-- close content main element --><\/div><\/div><\/div>\n<style type=\"text\/css\" data-created_by=\"avia_inline_auto\" id=\"style-css-av-ouzec-44058b9162480c4b389b287ab5abca75\">\n.avia-section.av-ouzec-44058b9162480c4b389b287ab5abca75{\nbackground-repeat:no-repeat;\nbackground-image:url(https:\/\/www.hilaro.ee\/wordpress\/wp-content\/uploads\/2018\/06\/hilaro_1996_3-300x194.jpg);\nbackground-position:50% 50%;\nbackground-attachment:fixed;\n}\n.avia-section.av-ouzec-44058b9162480c4b389b287ab5abca75 .av-section-color-overlay{\nopacity:0.7;\nbackground-color:#000000;\nbackground-image:url(https:\/\/www.hilaro.ee\/wordpress\/wp-content\/themes\/enfold\/images\/background-images\/grunge-big-light.png);\nbackground-repeat:repeat;\n}\n.avia-section.av-ouzec-44058b9162480c4b389b287ab5abca75 .av-extra-border-element .av-extra-border-inner{\nbackground-color:#111111;\n}\n<\/style>\n<div id='av_section_2'  class='avia-section av-ouzec-44058b9162480c4b389b287ab5abca75 main_color avia-section-huge avia-no-border-styling  avia-builder-el-2  el_after_av_section  el_before_av_section  avia-full-stretch avia-bg-style-fixed av-section-color-overlay-active av-arrow-down-section container_wrap sidebar_right'  data-section-bg-repeat='stretch'><div class=\"av-section-color-overlay-wrap\"><div class=\"av-section-color-overlay\"><\/div><div class='container av-section-cont-open' ><div class='template-page content  av-content-small alpha units'><div class='post-entry post-entry-type-page post-entry-8148'><div class='entry-content-wrapper clearfix'>\n\n<style type=\"text\/css\" data-created_by=\"avia_inline_auto\" id=\"style-css-av-6pshdg-769b5d0a4736317a316902fda5024477\">\n.flex_column.av-6pshdg-769b5d0a4736317a316902fda5024477{\nborder-radius:0px 0px 0px 0px;\npadding:0px 0px 0px 0px;\n}\n<\/style>\n<div  class='flex_column av-6pshdg-769b5d0a4736317a316902fda5024477 av_one_half  avia-builder-el-3  el_before_av_one_half  avia-builder-el-first  first flex_column_div av-zero-column-padding  '     ><div  class='avia-video av-jimyydrd-617f37fda1c12010845b71d87d3689b8 avia-video-16-9 av-no-preview-image avia-video-load-always av-lazyload-immediate av-lazyload-video-embed'  itemprop=\"video\" itemtype=\"https:\/\/schema.org\/VideoObject\"  data-original_url='https:\/\/www.youtube.com\/watch?v=7FqZBu1cB3Y'><script type='text\/html' class='av-video-tmpl'><div class='avia-iframe-wrap'><iframe loading=\"lazy\" title=\"Performance &quot;Soul?&quot;\" width=\"1333\" height=\"1000\" src=\"https:\/\/www.youtube.com\/embed\/7FqZBu1cB3Y?feature=oembed&autoplay=0&loop=0&controls=1&mute=0\" frameborder=\"0\" allow=\"accelerometer; autoplay; encrypted-media; gyroscope; picture-in-picture\" allowfullscreen><\/iframe><\/div><\/script><div class='av-click-to-play-overlay'><div class=\"avia_playpause_icon\"><\/div><\/div><\/div><\/div>\n<style type=\"text\/css\" data-created_by=\"avia_inline_auto\" id=\"style-css-av-6e9cxg-944362a401e138ceff8403e7b4f96d97\">\n.flex_column.av-6e9cxg-944362a401e138ceff8403e7b4f96d97{\nborder-radius:0px 0px 0px 0px;\npadding:0px 0px 0px 0px;\n}\n<\/style>\n<div  class='flex_column av-6e9cxg-944362a401e138ceff8403e7b4f96d97 av_one_half  avia-builder-el-5  el_after_av_one_half  avia-builder-el-last  flex_column_div av-zero-column-padding  '     ><section  class='av_textblock_section av-67z6yc-63a6692be03d74b92427ee0106058bf3 '   itemscope=\"itemscope\" itemtype=\"https:\/\/schema.org\/CreativeWork\" ><div class='avia_textblock'  itemprop=\"text\" ><p>V\u00f5ru Teatriateljee, kultuurimaja Kannel ja segakoor Hilaro \u00fchisprojekt.<\/p>\n<p><img loading=\"lazy\" decoding=\"async\" class=\"alignright border_magic\" src=\"http:\/\/www.hilaro.ee\/pics\/projekt_hing_01.jpg\" width=\"189\" height=\"125\" \/><strong>Esitatud:<\/strong><br \/>\n06.11.2004 &#8211; 1. etendus kultuurimajas Kannel<br \/>\n07.11.2004 &#8211; 2. etendus kultuurimajas Kannel<br \/>\n12.11.2004 &#8211; 3. etendus kultuurimajas Kannel<br \/>\n13.11.2004 &#8211; 4. etendus kultuurimajas Kannel<br \/>\n14.11.2004 &#8211; 5. etendus kultuurimajas Kannel<br \/>\n07.08.2005 &#8211; 6. etendus Aluksne teatrifestivalil<br \/>\n19.08.2005 &#8211; 7. etendus Kultuuritehase Festivalil<br \/>\n04.11.2005 &#8211; 8. etendus harrastusteatrite festivalil<br \/>\n04.08.2006 &#8211; 9. etendus IV NEATA teatrifestivalil<br \/>\n07.09.2007 &#8211; 10. etendus teatrifestivalil &#8220;Draama 2007&#8221;<\/p>\n<\/div><\/section><\/div><\/div><\/div><\/div><!-- close content main div --><\/div><div class='av-extra-border-element border-extra-arrow-down'><div class='av-extra-border-outer'><div class='av-extra-border-inner'><\/div><\/div><\/div><\/div><\/div>\n<style type=\"text\/css\" data-created_by=\"avia_inline_auto\" id=\"style-css-av-41evic-1c78f7f64c53d9139902653be077dae5\">\n.avia-section.av-41evic-1c78f7f64c53d9139902653be077dae5 .av-extra-border-element .av-extra-border-inner{\nbackground-color:#ffffff;\n}\n<\/style>\n<div id='av_section_3'  class='avia-section av-41evic-1c78f7f64c53d9139902653be077dae5 alternate_color avia-section-huge avia-no-border-styling  avia-builder-el-7  el_after_av_section  el_before_av_section  avia-bg-style-fixed av-arrow-down-section container_wrap sidebar_right'  ><div class='container av-section-cont-open' ><div class='template-page content  av-content-small alpha units'><div class='post-entry post-entry-type-page post-entry-8148'><div class='entry-content-wrapper clearfix'>\n\n<style type=\"text\/css\" data-created_by=\"avia_inline_auto\" id=\"style-css-av-hcpbh-60be89b1b8a73c33f41a87f34f748a71\">\n.flex_column.av-hcpbh-60be89b1b8a73c33f41a87f34f748a71{\nborder-radius:0px 0px 0px 0px;\npadding:0px 0px 0px 0px;\n}\n<\/style>\n<div  class='flex_column av-hcpbh-60be89b1b8a73c33f41a87f34f748a71 av_two_third  avia-builder-el-8  el_before_av_one_third  avia-builder-el-first  first flex_column_div av-zero-column-padding  '     ><style type=\"text\/css\" data-created_by=\"avia_inline_auto\" id=\"style-css-av-21xb7x-bd38cda390198396997aa29ab902b830\">\n.avia-image-container.av-21xb7x-bd38cda390198396997aa29ab902b830 img.avia_image{\nbox-shadow:none;\n}\n.avia-image-container.av-21xb7x-bd38cda390198396997aa29ab902b830 .av-caption-image-overlay-bg{\nopacity:0.4;\nbackground-color:#000000;\n}\n.avia-image-container.av-21xb7x-bd38cda390198396997aa29ab902b830 .av-image-caption-overlay-center{\ncolor:#ffffff;\n}\n<\/style>\n<div  class='avia-image-container av-21xb7x-bd38cda390198396997aa29ab902b830 av-styling- avia-align-center  avia-builder-el-9  avia-builder-el-no-sibling  noHover av-overlay-on-hover'   itemprop=\"image\" itemscope=\"itemscope\" itemtype=\"https:\/\/schema.org\/ImageObject\" ><div class=\"avia-image-container-inner\"><div class=\"avia-image-overlay-wrap\"><div class=\"av-image-caption-overlay\"><div class=\"av-caption-image-overlay-bg\"><\/div><div class=\"av-image-caption-overlay-position\"><div class=\"av-image-caption-overlay-center\"><p>Milvi Luik, Rainer Aarsalu, Aaro Tetsmann, Endel Kroon<\/p>\n<\/div><\/div><\/div><img decoding=\"async\" fetchpriority=\"high\" class='wp-image-4160 avia-img-lazy-loading-not-4160 avia_image ' src=\"https:\/\/www.hilaro.ee\/wordpress\/wp-content\/uploads\/2014\/11\/Hing_005-300x201.jpg\" alt='' title='Hing?'  height=\"201\" width=\"300\"  itemprop=\"thumbnailUrl\" srcset=\"https:\/\/www.hilaro.ee\/wordpress\/wp-content\/uploads\/2014\/11\/Hing_005-300x201.jpg 300w, https:\/\/www.hilaro.ee\/wordpress\/wp-content\/uploads\/2014\/11\/Hing_005-1024x686.jpg 1024w, https:\/\/www.hilaro.ee\/wordpress\/wp-content\/uploads\/2014\/11\/Hing_005.jpg 1400w\" sizes=\"(max-width: 300px) 100vw, 300px\" \/><\/div><\/div><\/div><\/div>\n<style type=\"text\/css\" data-created_by=\"avia_inline_auto\" id=\"style-css-av-79ocu5-ec382470aaeabf4da5ec4f2a3ec3bdfa\">\n.flex_column.av-79ocu5-ec382470aaeabf4da5ec4f2a3ec3bdfa{\nborder-radius:0px 0px 0px 0px;\npadding:0px 0px 0px 0px;\n}\n<\/style>\n<div  class='flex_column av-79ocu5-ec382470aaeabf4da5ec4f2a3ec3bdfa av_one_third  avia-builder-el-10  el_after_av_two_third  avia-builder-el-last  flex_column_div av-zero-column-padding  '     ><section  class='av_textblock_section av-6hc4fx-d227af0574391c5c67eca0fefa5caa4a '   itemscope=\"itemscope\" itemtype=\"https:\/\/schema.org\/CreativeWork\" ><div class='avia_textblock'  itemprop=\"text\" ><p>Lavastaja: Tarmo Tagamets<br \/>\nLiikumine: Helen Solovjev, Agu Trolla<br \/>\nH\u00e4\u00e4led, helid: Hilaro<br \/>\nKost\u00fc\u00fcm ja grimm: Anneli Himma ja Hilaro<br \/>\nLava ja valgus: Andres Jukk ja Madis Eiche<br \/>\nReklaamkujundus: Peeter R\u00e4stas ( Rakvere Teater)<\/p>\n<p>Lavastus keskendub hingeotsingutele l\u00e4bi liikumise ja heli. Hingedeaja stereot\u00fc\u00fcpne vaikus ja rahu j\u00e4etakse puutumata. Hing p\u00f6\u00f6rdub hinge ja sealt j\u00e4lle tagasi. Kaasas helid, h\u00e4\u00e4led, k\u00f5lad, sahinad ja liikumised.<\/p>\n<p>Lavaruumi black-boxis koos publikuga.<\/p>\n<\/div><\/section><\/div><\/div><\/div><\/div><!-- close content main div --><\/div><div class='av-extra-border-element border-extra-arrow-down'><div class='av-extra-border-outer'><div class='av-extra-border-inner'><\/div><\/div><\/div><\/div>\n<style type=\"text\/css\" data-created_by=\"avia_inline_auto\" id=\"style-css-av-41evic-88b33475c1096161d1ddd3ff2dfed42a\">\n.avia-section.av-41evic-88b33475c1096161d1ddd3ff2dfed42a .av-extra-border-element .av-extra-border-inner{\nbackground-color:#111111;\n}\n<\/style>\n<div id='av_section_4'  class='avia-section av-41evic-88b33475c1096161d1ddd3ff2dfed42a main_color avia-section-huge avia-no-border-styling  avia-builder-el-12  el_after_av_section  el_before_av_section  avia-bg-style-fixed av-arrow-down-section container_wrap sidebar_right'  ><div class='container av-section-cont-open' ><div class='template-page content  av-content-small alpha units'><div class='post-entry post-entry-type-page post-entry-8148'><div class='entry-content-wrapper clearfix'>\n\n<style type=\"text\/css\" data-created_by=\"avia_inline_auto\" id=\"style-css-av-hcpbh-60be89b1b8a73c33f41a87f34f748a71\">\n.flex_column.av-hcpbh-60be89b1b8a73c33f41a87f34f748a71{\nborder-radius:0px 0px 0px 0px;\npadding:0px 0px 0px 0px;\n}\n<\/style>\n<div  class='flex_column av-hcpbh-60be89b1b8a73c33f41a87f34f748a71 av_one_half  avia-builder-el-13  el_before_av_one_half  avia-builder-el-first  first flex_column_div av-zero-column-padding  '     ><style type=\"text\/css\" data-created_by=\"avia_inline_auto\" id=\"style-css-av-21xb7x-bd38cda390198396997aa29ab902b830\">\n.avia-image-container.av-21xb7x-bd38cda390198396997aa29ab902b830 img.avia_image{\nbox-shadow:none;\n}\n.avia-image-container.av-21xb7x-bd38cda390198396997aa29ab902b830 .av-caption-image-overlay-bg{\nopacity:0.4;\nbackground-color:#000000;\n}\n.avia-image-container.av-21xb7x-bd38cda390198396997aa29ab902b830 .av-image-caption-overlay-center{\ncolor:#ffffff;\n}\n<\/style>\n<div  class='avia-image-container av-21xb7x-bd38cda390198396997aa29ab902b830 av-styling- avia-align-center  avia-builder-el-14  avia-builder-el-no-sibling  noHover av-overlay-on-hover'   itemprop=\"image\" itemscope=\"itemscope\" itemtype=\"https:\/\/schema.org\/ImageObject\" ><div class=\"avia-image-container-inner\"><div class=\"avia-image-overlay-wrap\"><div class=\"av-image-caption-overlay\"><div class=\"av-caption-image-overlay-bg\"><\/div><div class=\"av-image-caption-overlay-position\"><div class=\"av-image-caption-overlay-center\"><p>Milvi Luik, Rainer Aarsalu, Aaro Tetsmann, Endel Kroon<\/p>\n<\/div><\/div><\/div><img decoding=\"async\" fetchpriority=\"high\" class='wp-image-4160 avia-img-lazy-loading-not-4160 avia_image ' src=\"https:\/\/www.hilaro.ee\/wordpress\/wp-content\/uploads\/2014\/11\/Hing_005-300x201.jpg\" alt='' title='Hing?'  height=\"201\" width=\"300\"  itemprop=\"thumbnailUrl\" srcset=\"https:\/\/www.hilaro.ee\/wordpress\/wp-content\/uploads\/2014\/11\/Hing_005-300x201.jpg 300w, https:\/\/www.hilaro.ee\/wordpress\/wp-content\/uploads\/2014\/11\/Hing_005-1024x686.jpg 1024w, https:\/\/www.hilaro.ee\/wordpress\/wp-content\/uploads\/2014\/11\/Hing_005.jpg 1400w\" sizes=\"(max-width: 300px) 100vw, 300px\" \/><\/div><\/div><\/div><\/div>\n<style type=\"text\/css\" data-created_by=\"avia_inline_auto\" id=\"style-css-av-79ocu5-ec382470aaeabf4da5ec4f2a3ec3bdfa\">\n.flex_column.av-79ocu5-ec382470aaeabf4da5ec4f2a3ec3bdfa{\nborder-radius:0px 0px 0px 0px;\npadding:0px 0px 0px 0px;\n}\n<\/style>\n<div  class='flex_column av-79ocu5-ec382470aaeabf4da5ec4f2a3ec3bdfa av_one_half  avia-builder-el-15  el_after_av_one_half  avia-builder-el-last  flex_column_div av-zero-column-padding  '     ><section  class='av_textblock_section av-6hc4fx-d227af0574391c5c67eca0fefa5caa4a '   itemscope=\"itemscope\" itemtype=\"https:\/\/schema.org\/CreativeWork\" ><div class='avia_textblock'  itemprop=\"text\" ><h5>V\u00f5ru Teatriateljee F\u00e4\u00e4ri saartel.<\/h5>\n<p>02. \u2013 08. augustini 2006.a. F\u00e4\u00e4ri saartel, Torshavnis toimunud IV NEATA teatrifestivalil esindas Eesti Vabariiki V\u00f5ru Teatriateljee lavastus \u201eHing?\u201c.<\/p>\n<p>NEATA (P\u00f5hjamaade Amat\u00f6\u00f6rteatrite Allianss) ametlik festival toimub \u00fcle kahe aasta \u2013 iga kord erinevas allianssi kuuluvas riigis. K\u00f5iki riike esindab \u00fcks lavastus, mille valib v\u00e4lja vastava riigi harrastusteatrite liidu juhatus oma otsuse alusel. Festivalidel ei koostata lavastuste paremusj\u00e4rjestusi, k\u00fcll aga toimuvad etenduste avatud arutelud tuntud ja tunnustatud teatritegijate juhtimisel. Lisaks F\u00e4\u00e4ri Rahvusteatris toimunud festivalietendusele, andis Teatriateljee workshopi, milles tutvustati l\u00e4bi harjutuste lavastuse aluseks olnud improvisatsioonilist t\u00f6\u00f6meetodit. V\u00e4ljaspool ametlikku programmi etendati ka l\u00fchilavastust \u201eV\u00f5rumaa rituaalid. Lambatapp\u201c.<\/p>\n<p>\u201eHing?\u201c esietendus 2004. aasta novembris koost\u00f6\u00f6s Hilaro kooriga (lavastaja Tarmo Tagamets, n\u00e4itlejad Agu Trolla ja Helen Solovjev) ning l\u00e4htub s\u00f5natutest liikumis- ja heliimprovisatsioonidest hinge ja hingetuse teemadel. Segakoori kammerkoosseis teeb lavastuse muusikalist kujundust laivis, olles samuti n\u00e4itlejapositsioonis. See lahendus loob originaalse lavalise kombinatsiooni koorilaulust ja kehakeelel p\u00f5hinevast, n\u00fc\u00fcdistantsu elementidega teatrist. Lavastus on eelnevalt p\u00e4lvinud II koha L\u00e4tis toimunud v\u00e4ikevormide teatrifestivalil \u201eChamberplay\u2019 2005\u201c.<\/p>\n<p>S\u00f5itu toetasid Kultuurkapitali n\u00e4itekunsti ja rahvakultuuri sihtkapital ning V\u00f5rumaa ekspertgrupp, P\u00f5hjamaade Ministrite N\u00f5ukogu, Eesti Harrastusteatrite Liit, V\u00f5ru linn ja V\u00f5ru vald.<\/p>\n<p>Teatriateljee on esindanud Eestit ka II NEATA Festivalil (lavastus \u201eRehepapp\u201c, lav. Taago Tubin), mis toimus 2002. aastal Rootsis, V\u00e4sterases.<\/p>\n<p><em>(pressiteade V\u00f5ru Teatriateljeelt)<\/em><\/p>\n<\/div><\/section><\/div><\/div><\/div><\/div><!-- close content main div --><\/div><div class='av-extra-border-element border-extra-arrow-down'><div class='av-extra-border-outer'><div class='av-extra-border-inner'><\/div><\/div><\/div><\/div>\n<style type=\"text\/css\" data-created_by=\"avia_inline_auto\" id=\"style-css-av-41evic-0e6d15078155f0d1fd3dafec247d57ca\">\n.avia-section.av-41evic-0e6d15078155f0d1fd3dafec247d57ca .av-extra-border-element .av-extra-border-inner{\nbackground-color:#111111;\n}\n<\/style>\n<div id='av_section_5'  class='avia-section av-41evic-0e6d15078155f0d1fd3dafec247d57ca main_color avia-section-huge avia-no-border-styling  avia-builder-el-17  el_after_av_section  avia-builder-el-last  avia-bg-style-fixed av-arrow-down-section container_wrap sidebar_right'  ><div class='container av-section-cont-open' ><div class='template-page content  av-content-small alpha units'><div class='post-entry post-entry-type-page post-entry-8148'><div class='entry-content-wrapper clearfix'>\n\n<style type=\"text\/css\" data-created_by=\"avia_inline_auto\" id=\"style-css-av-hcpbh-60be89b1b8a73c33f41a87f34f748a71\">\n.flex_column.av-hcpbh-60be89b1b8a73c33f41a87f34f748a71{\nborder-radius:0px 0px 0px 0px;\npadding:0px 0px 0px 0px;\n}\n<\/style>\n<div  class='flex_column av-hcpbh-60be89b1b8a73c33f41a87f34f748a71 av_one_full  avia-builder-el-18  avia-builder-el-no-sibling  first flex_column_div av-zero-column-padding  '     ><style type=\"text\/css\" data-created_by=\"avia_inline_auto\" id=\"style-css-av-21xb7x-0609ed12271a43e00dcc439f81b04395\">\n.avia-image-container.av-21xb7x-0609ed12271a43e00dcc439f81b04395 img.avia_image{\nbox-shadow:none;\n}\n.avia-image-container.av-21xb7x-0609ed12271a43e00dcc439f81b04395 .av-caption-image-overlay-bg{\nopacity:0.4;\nbackground-color:#000000;\n}\n.avia-image-container.av-21xb7x-0609ed12271a43e00dcc439f81b04395 .av-image-caption-overlay-center{\ncolor:#ffffff;\n}\n<\/style>\n<div  class='avia-image-container av-21xb7x-0609ed12271a43e00dcc439f81b04395 av-styling- avia-align-center  avia-builder-el-19  avia-builder-el-no-sibling  noHover av-overlay-on-hover'   itemprop=\"image\" itemscope=\"itemscope\" itemtype=\"https:\/\/schema.org\/ImageObject\" ><div class=\"avia-image-container-inner\"><div class=\"avia-image-overlay-wrap\"><div class=\"av-image-caption-overlay\"><div class=\"av-caption-image-overlay-bg\"><\/div><div class=\"av-image-caption-overlay-position\"><div class=\"av-image-caption-overlay-center\"><p>Hilaro koos Vastseliina kammerkooriga peale P\u00e4ikesemissa esitust, 14. juuli 1996.a.<\/p>\n<\/div><\/div><\/div><img decoding=\"async\" fetchpriority=\"high\" class='wp-image-6254 avia-img-lazy-loading-not-6254 avia_image ' src=\"https:\/\/www.hilaro.ee\/wordpress\/wp-content\/uploads\/2018\/06\/hilaro_1996_3.jpg\" alt='' title='14. juuli 1996 V\u00f5ru Katariina kiriku ees, peale P\u00e4ikesemissa esitust'  height=\"903\" width=\"1400\"  itemprop=\"thumbnailUrl\" srcset=\"https:\/\/www.hilaro.ee\/wordpress\/wp-content\/uploads\/2018\/06\/hilaro_1996_3.jpg 1400w, https:\/\/www.hilaro.ee\/wordpress\/wp-content\/uploads\/2018\/06\/hilaro_1996_3-300x194.jpg 300w, https:\/\/www.hilaro.ee\/wordpress\/wp-content\/uploads\/2018\/06\/hilaro_1996_3-768x495.jpg 768w, https:\/\/www.hilaro.ee\/wordpress\/wp-content\/uploads\/2018\/06\/hilaro_1996_3-1024x660.jpg 1024w, https:\/\/www.hilaro.ee\/wordpress\/wp-content\/uploads\/2018\/06\/hilaro_1996_3-705x455.jpg 705w, https:\/\/www.hilaro.ee\/wordpress\/wp-content\/uploads\/2018\/06\/hilaro_1996_3-450x290.jpg 450w\" sizes=\"(max-width: 1400px) 100vw, 1400px\" \/><\/div><\/div><\/div><\/div>\n<\/div><\/div><\/div><!-- close content main div --><\/div><div class='av-extra-border-element border-extra-arrow-down'><div class='av-extra-border-outer'><div class='av-extra-border-inner'><\/div><\/div><\/div><\/div><div id='after_section_5'  class='main_color av_default_container_wrap container_wrap sidebar_right'  ><div class='container av-section-cont-open' ><div class='template-page content  av-content-small alpha units'><div class='post-entry post-entry-type-page post-entry-8148'><div class='entry-content-wrapper clearfix'><\/p>\n","protected":false},"excerpt":{"rendered":"","protected":false},"author":1,"featured_media":0,"parent":5879,"menu_order":0,"comment_status":"closed","ping_status":"closed","template":"","meta":{"footnotes":""},"class_list":["post-8148","page","type-page","status-publish","hentry"],"_links":{"self":[{"href":"https:\/\/www.hilaro.ee\/wordpress\/wp-json\/wp\/v2\/pages\/8148"}],"collection":[{"href":"https:\/\/www.hilaro.ee\/wordpress\/wp-json\/wp\/v2\/pages"}],"about":[{"href":"https:\/\/www.hilaro.ee\/wordpress\/wp-json\/wp\/v2\/types\/page"}],"author":[{"embeddable":true,"href":"https:\/\/www.hilaro.ee\/wordpress\/wp-json\/wp\/v2\/users\/1"}],"replies":[{"embeddable":true,"href":"https:\/\/www.hilaro.ee\/wordpress\/wp-json\/wp\/v2\/comments?post=8148"}],"version-history":[{"count":4,"href":"https:\/\/www.hilaro.ee\/wordpress\/wp-json\/wp\/v2\/pages\/8148\/revisions"}],"predecessor-version":[{"id":8152,"href":"https:\/\/www.hilaro.ee\/wordpress\/wp-json\/wp\/v2\/pages\/8148\/revisions\/8152"}],"up":[{"embeddable":true,"href":"https:\/\/www.hilaro.ee\/wordpress\/wp-json\/wp\/v2\/pages\/5879"}],"wp:attachment":[{"href":"https:\/\/www.hilaro.ee\/wordpress\/wp-json\/wp\/v2\/media?parent=8148"}],"curies":[{"name":"wp","href":"https:\/\/api.w.org\/{rel}","templated":true}]}}