{"id":6241,"date":"2018-06-22T06:37:06","date_gmt":"2018-06-22T03:37:06","guid":{"rendered":"http:\/\/www.hilaro.ee\/wordpress\/?page_id=6241"},"modified":"2018-06-22T08:25:02","modified_gmt":"2018-06-22T05:25:02","slug":"paikesemissa","status":"publish","type":"page","link":"https:\/\/www.hilaro.ee\/wordpress\/muusika\/paikesemissa\/","title":{"rendered":"P\u00e4ikesemissa"},"content":{"rendered":"\n<style type=\"text\/css\" data-created_by=\"avia_inline_auto\" id=\"style-css-av-78n0uc-00234200a053d7a1aa025be98da2810a\">\n.avia-section.av-78n0uc-00234200a053d7a1aa025be98da2810a .av-section-color-overlay{\nopacity:0.7;\nbackground-color:#000000;\n}\n<\/style>\n<div id='av_section_1'  class='avia-section av-78n0uc-00234200a053d7a1aa025be98da2810a main_color avia-section-huge avia-no-border-styling  avia-builder-el-0  el_before_av_section  avia-builder-el-first  avia-bg-style-scroll av-section-color-overlay-active container_wrap sidebar_right'  ><div class=\"av-section-color-overlay-wrap\"><div class=\"av-section-color-overlay\"><\/div><div class='container av-section-cont-open' ><main  role=\"main\" itemprop=\"mainContentOfPage\"  class='template-page content  av-content-small alpha units'><div class='post-entry post-entry-type-page post-entry-6241'><div class='entry-content-wrapper clearfix'>\n\n<style type=\"text\/css\" data-created_by=\"avia_inline_auto\" id=\"style-css-av-jipfa5a1-05548f04b3d5d60c70a715e3bf4ec026\">\n#top .av-special-heading.av-jipfa5a1-05548f04b3d5d60c70a715e3bf4ec026{\npadding-bottom:0;\nfont-size:90px;\n}\nbody .av-special-heading.av-jipfa5a1-05548f04b3d5d60c70a715e3bf4ec026 .av-special-heading-tag .heading-char{\nfont-size:25px;\n}\n#top #wrap_all .av-special-heading.av-jipfa5a1-05548f04b3d5d60c70a715e3bf4ec026 .av-special-heading-tag{\nfont-size:90px;\n}\n.av-special-heading.av-jipfa5a1-05548f04b3d5d60c70a715e3bf4ec026 .av-subheading{\nfont-size:15px;\n}\n\n@media only screen and (min-width: 480px) and (max-width: 767px){ \n#top #wrap_all .av-special-heading.av-jipfa5a1-05548f04b3d5d60c70a715e3bf4ec026 .av-special-heading-tag{\nfont-size:0.8em;\n}\n}\n\n@media only screen and (max-width: 479px){ \n#top #wrap_all .av-special-heading.av-jipfa5a1-05548f04b3d5d60c70a715e3bf4ec026 .av-special-heading-tag{\nfont-size:0.8em;\n}\n}\n<\/style>\n<div  class='av-special-heading av-jipfa5a1-05548f04b3d5d60c70a715e3bf4ec026 av-special-heading-h3 blockquote modern-quote modern-centered  avia-builder-el-1  avia-builder-el-no-sibling  av-inherit-size'><h3 class='av-special-heading-tag '  itemprop=\"headline\"  >P\u00e4ikesemissa<\/h3><div class=\"special-heading-border\"><div class=\"special-heading-inner-border\"><\/div><\/div><\/div>\n\n<\/div><\/div><\/main><!-- close content main element --><\/div><\/div><\/div>\n<style type=\"text\/css\" data-created_by=\"avia_inline_auto\" id=\"style-css-av-ouzec-44058b9162480c4b389b287ab5abca75\">\n.avia-section.av-ouzec-44058b9162480c4b389b287ab5abca75{\nbackground-repeat:no-repeat;\nbackground-image:url(https:\/\/hilaro.ee\/wordpress\/wp-content\/uploads\/2018\/06\/hilaro_1996_3-300x194.jpg);\nbackground-position:50% 50%;\nbackground-attachment:fixed;\n}\n.avia-section.av-ouzec-44058b9162480c4b389b287ab5abca75 .av-section-color-overlay{\nopacity:0.7;\nbackground-color:#000000;\nbackground-image:url(https:\/\/hilaro.ee\/wordpress\/wp-content\/themes\/enfold\/images\/background-images\/grunge-big-light.png);\nbackground-repeat:repeat;\n}\n.avia-section.av-ouzec-44058b9162480c4b389b287ab5abca75 .av-extra-border-element .av-extra-border-inner{\nbackground-color:#111111;\n}\n<\/style>\n<div id='av_section_2'  class='avia-section av-ouzec-44058b9162480c4b389b287ab5abca75 main_color avia-section-huge avia-no-border-styling  avia-builder-el-2  el_after_av_section  el_before_av_section  avia-full-stretch avia-bg-style-fixed av-section-color-overlay-active av-arrow-down-section container_wrap sidebar_right'  data-section-bg-repeat='stretch'><div class=\"av-section-color-overlay-wrap\"><div class=\"av-section-color-overlay\"><\/div><div class='container av-section-cont-open' ><div class='template-page content  av-content-small alpha units'><div class='post-entry post-entry-type-page post-entry-6241'><div class='entry-content-wrapper clearfix'>\n\n<style type=\"text\/css\" data-created_by=\"avia_inline_auto\" id=\"style-css-av-6pshdg-769b5d0a4736317a316902fda5024477\">\n.flex_column.av-6pshdg-769b5d0a4736317a316902fda5024477{\nborder-radius:0px 0px 0px 0px;\npadding:0px 0px 0px 0px;\n}\n<\/style>\n<div  class='flex_column av-6pshdg-769b5d0a4736317a316902fda5024477 av_one_half  avia-builder-el-3  el_before_av_one_half  avia-builder-el-first  first flex_column_div av-zero-column-padding  '     ><div  class='avia-video av-jimyydrd-8412c30dd3f549617963b252de436b49 avia-video-16-9 av-no-preview-image avia-video-load-always av-lazyload-immediate av-lazyload-video-embed'  itemprop=\"video\" itemtype=\"https:\/\/schema.org\/VideoObject\"  data-original_url='https:\/\/youtu.be\/rL-LvGUTLMo'><script type='text\/html' class='av-video-tmpl'><div class='avia-iframe-wrap'><iframe loading=\"lazy\" width=\"1333\" height=\"1000\" src=\"https:\/\/www.youtube.com\/embed\/rL-LvGUTLMo?feature=oembed&autoplay=0&loop=0&controls=1&mute=0\" frameborder=\"0\" allow=\"autoplay; encrypted-media\" allowfullscreen><\/iframe><\/div><\/script><div class='av-click-to-play-overlay'><div class=\"avia_playpause_icon\"><\/div><\/div><\/div><\/div>\n<style type=\"text\/css\" data-created_by=\"avia_inline_auto\" id=\"style-css-av-6e9cxg-944362a401e138ceff8403e7b4f96d97\">\n.flex_column.av-6e9cxg-944362a401e138ceff8403e7b4f96d97{\nborder-radius:0px 0px 0px 0px;\npadding:0px 0px 0px 0px;\n}\n<\/style>\n<div  class='flex_column av-6e9cxg-944362a401e138ceff8403e7b4f96d97 av_one_half  avia-builder-el-5  el_after_av_one_half  avia-builder-el-last  flex_column_div av-zero-column-padding  '     ><section  class='av_textblock_section av-67z6yc-63a6692be03d74b92427ee0106058bf3 '   itemscope=\"itemscope\" itemtype=\"https:\/\/schema.org\/CreativeWork\" ><div class='avia_textblock'  itemprop=\"text\" ><p><strong>Esitatud:<\/strong><\/p>\n<p><strong>13.07.1996<\/strong>\u00a0\u2013 R\u00f5uge kirikus koos Vastseliina Kammerkooriga<br \/>\n<strong>14.07.1996<\/strong>\u00a0\u2013 V\u00f5ru Katariina kirikus koos Vastseliina Kammerkooriga<br \/>\n<strong>22.11.1997<\/strong>\u00a0\u2013 V\u00f5ru Katariina kirikus<br \/>\n<strong>21.11.1999<\/strong>\u00a0\u2013 Tartu Peetri kirikus koos Domina ja Sakalaga<br \/>\n<strong>11.11.2000<\/strong>\u00a0\u2013 Tallinna Jaani kirikus koos Domina ja Sakalaga<br \/>\n<strong>29.09.2001<\/strong>\u00a0\u2013 R\u00e4pina kirikus koos Domina ja Sakalaga<br \/>\n<strong>25.10.2003<\/strong>\u00a0\u2013 Kambja kirikus koos Domina ja Sakalaga<\/p>\n<\/div><\/section><\/div><\/div><\/div><\/div><!-- close content main div --><\/div><div class='av-extra-border-element border-extra-arrow-down'><div class='av-extra-border-outer'><div class='av-extra-border-inner'><\/div><\/div><\/div><\/div><\/div>\n<style type=\"text\/css\" data-created_by=\"avia_inline_auto\" id=\"style-css-av-41evic-1c78f7f64c53d9139902653be077dae5\">\n.avia-section.av-41evic-1c78f7f64c53d9139902653be077dae5 .av-extra-border-element .av-extra-border-inner{\nbackground-color:#ffffff;\n}\n<\/style>\n<div id='av_section_3'  class='avia-section av-41evic-1c78f7f64c53d9139902653be077dae5 alternate_color avia-section-huge avia-no-border-styling  avia-builder-el-7  el_after_av_section  el_before_av_section  avia-bg-style-fixed av-arrow-down-section container_wrap sidebar_right'  ><div class='container av-section-cont-open' ><div class='template-page content  av-content-small alpha units'><div class='post-entry post-entry-type-page post-entry-6241'><div class='entry-content-wrapper clearfix'>\n\n<style type=\"text\/css\" data-created_by=\"avia_inline_auto\" id=\"style-css-av-hcpbh-60be89b1b8a73c33f41a87f34f748a71\">\n.flex_column.av-hcpbh-60be89b1b8a73c33f41a87f34f748a71{\nborder-radius:0px 0px 0px 0px;\npadding:0px 0px 0px 0px;\n}\n<\/style>\n<div  class='flex_column av-hcpbh-60be89b1b8a73c33f41a87f34f748a71 av_two_third  avia-builder-el-8  el_before_av_one_third  avia-builder-el-first  first flex_column_div av-zero-column-padding  '     ><style type=\"text\/css\" data-created_by=\"avia_inline_auto\" id=\"style-css-av-21xb7x-d25699640327e1087951d2b7aee16e45\">\n.avia-image-container.av-21xb7x-d25699640327e1087951d2b7aee16e45 img.avia_image{\nbox-shadow:none;\n}\n.avia-image-container.av-21xb7x-d25699640327e1087951d2b7aee16e45 .av-caption-image-overlay-bg{\nopacity:0.4;\nbackground-color:#000000;\n}\n.avia-image-container.av-21xb7x-d25699640327e1087951d2b7aee16e45 .av-image-caption-overlay-center{\ncolor:#ffffff;\n}\n<\/style>\n<div  class='avia-image-container av-21xb7x-d25699640327e1087951d2b7aee16e45 av-styling- avia-align-center  avia-builder-el-9  avia-builder-el-no-sibling  noHover av-overlay-on-hover'   itemprop=\"image\" itemscope=\"itemscope\" itemtype=\"https:\/\/schema.org\/ImageObject\" ><div class=\"avia-image-container-inner\"><div class=\"avia-image-overlay-wrap\"><div class=\"av-image-caption-overlay\"><div class=\"av-caption-image-overlay-bg\"><\/div><div class=\"av-image-caption-overlay-position\"><div class=\"av-image-caption-overlay-center\"><p>Milvi Luik, Rainer Aarsalu, Aaro Tetsmann, Endel Kroon<\/p>\n<\/div><\/div><\/div><img decoding=\"async\" fetchpriority=\"high\" class='wp-image-6248 avia-img-lazy-loading-not-6248 avia_image ' src=\"https:\/\/hilaro.ee\/wordpress\/wp-content\/uploads\/2018\/06\/projekt_missa_04.jpg\" alt='' title='projekt_missa_04'  height=\"200\" width=\"314\"  itemprop=\"thumbnailUrl\" srcset=\"https:\/\/hilaro.ee\/wordpress\/wp-content\/uploads\/2018\/06\/projekt_missa_04.jpg 314w, https:\/\/hilaro.ee\/wordpress\/wp-content\/uploads\/2018\/06\/projekt_missa_04-300x191.jpg 300w\" sizes=\"(max-width: 314px) 100vw, 314px\" \/><\/div><\/div><\/div><\/div>\n<style type=\"text\/css\" data-created_by=\"avia_inline_auto\" id=\"style-css-av-79ocu5-ec382470aaeabf4da5ec4f2a3ec3bdfa\">\n.flex_column.av-79ocu5-ec382470aaeabf4da5ec4f2a3ec3bdfa{\nborder-radius:0px 0px 0px 0px;\npadding:0px 0px 0px 0px;\n}\n<\/style>\n<div  class='flex_column av-79ocu5-ec382470aaeabf4da5ec4f2a3ec3bdfa av_one_third  avia-builder-el-10  el_after_av_two_third  avia-builder-el-last  flex_column_div av-zero-column-padding  '     ><section  class='av_textblock_section av-6hc4fx-d227af0574391c5c67eca0fefa5caa4a '   itemscope=\"itemscope\" itemtype=\"https:\/\/schema.org\/CreativeWork\" ><div class='avia_textblock'  itemprop=\"text\" ><p><strong>Solistidena on kaasa teinud:<\/strong><\/p>\n<p>Maris Liloson<br \/>\nMilvi Luik<br \/>\nMariliina Vilimaa<br \/>\nEndel Kroon<br \/>\nRainer Aarsalu<br \/>\nMati Turi<br \/>\nMart Mikk<br \/>\nRoland Liiv<\/p>\n<p><strong>Orelil on kaasa teinud:<\/strong><\/p>\n<p>Aaro Tetsmann<br \/>\nKristel Aer<\/p>\n<\/div><\/section><\/div><\/div><\/div><\/div><!-- close content main div --><\/div><div class='av-extra-border-element border-extra-arrow-down'><div class='av-extra-border-outer'><div class='av-extra-border-inner'><\/div><\/div><\/div><\/div>\n<style type=\"text\/css\" data-created_by=\"avia_inline_auto\" id=\"style-css-av-41evic-0e6d15078155f0d1fd3dafec247d57ca\">\n.avia-section.av-41evic-0e6d15078155f0d1fd3dafec247d57ca .av-extra-border-element .av-extra-border-inner{\nbackground-color:#111111;\n}\n<\/style>\n<div id='av_section_4'  class='avia-section av-41evic-0e6d15078155f0d1fd3dafec247d57ca main_color avia-section-huge avia-no-border-styling  avia-builder-el-12  el_after_av_section  el_before_av_section  avia-bg-style-fixed av-arrow-down-section container_wrap sidebar_right'  ><div class='container av-section-cont-open' ><div class='template-page content  av-content-small alpha units'><div class='post-entry post-entry-type-page post-entry-6241'><div class='entry-content-wrapper clearfix'>\n\n<style type=\"text\/css\" data-created_by=\"avia_inline_auto\" id=\"style-css-av-hcpbh-60be89b1b8a73c33f41a87f34f748a71\">\n.flex_column.av-hcpbh-60be89b1b8a73c33f41a87f34f748a71{\nborder-radius:0px 0px 0px 0px;\npadding:0px 0px 0px 0px;\n}\n<\/style>\n<div  class='flex_column av-hcpbh-60be89b1b8a73c33f41a87f34f748a71 av_one_full  avia-builder-el-13  avia-builder-el-no-sibling  first flex_column_div av-zero-column-padding  '     ><style type=\"text\/css\" data-created_by=\"avia_inline_auto\" id=\"style-css-av-21xb7x-0609ed12271a43e00dcc439f81b04395\">\n.avia-image-container.av-21xb7x-0609ed12271a43e00dcc439f81b04395 img.avia_image{\nbox-shadow:none;\n}\n.avia-image-container.av-21xb7x-0609ed12271a43e00dcc439f81b04395 .av-caption-image-overlay-bg{\nopacity:0.4;\nbackground-color:#000000;\n}\n.avia-image-container.av-21xb7x-0609ed12271a43e00dcc439f81b04395 .av-image-caption-overlay-center{\ncolor:#ffffff;\n}\n<\/style>\n<div  class='avia-image-container av-21xb7x-0609ed12271a43e00dcc439f81b04395 av-styling- avia-align-center  avia-builder-el-14  avia-builder-el-no-sibling  noHover av-overlay-on-hover'   itemprop=\"image\" itemscope=\"itemscope\" itemtype=\"https:\/\/schema.org\/ImageObject\" ><div class=\"avia-image-container-inner\"><div class=\"avia-image-overlay-wrap\"><div class=\"av-image-caption-overlay\"><div class=\"av-caption-image-overlay-bg\"><\/div><div class=\"av-image-caption-overlay-position\"><div class=\"av-image-caption-overlay-center\"><p>Hilaro koos Vastseliina kammerkooriga peale P\u00e4ikesemissa esitust, 14. juuli 1996.a.<\/p>\n<\/div><\/div><\/div><img decoding=\"async\" fetchpriority=\"high\" class='wp-image-6254 avia-img-lazy-loading-not-6254 avia_image ' src=\"https:\/\/hilaro.ee\/wordpress\/wp-content\/uploads\/2018\/06\/hilaro_1996_3.jpg\" alt='' title='14. juuli 1996 V\u00f5ru Katariina kiriku ees, peale P\u00e4ikesemissa esitust'  height=\"903\" width=\"1400\"  itemprop=\"thumbnailUrl\" srcset=\"https:\/\/hilaro.ee\/wordpress\/wp-content\/uploads\/2018\/06\/hilaro_1996_3.jpg 1400w, https:\/\/hilaro.ee\/wordpress\/wp-content\/uploads\/2018\/06\/hilaro_1996_3-300x194.jpg 300w, https:\/\/hilaro.ee\/wordpress\/wp-content\/uploads\/2018\/06\/hilaro_1996_3-768x495.jpg 768w, https:\/\/hilaro.ee\/wordpress\/wp-content\/uploads\/2018\/06\/hilaro_1996_3-1024x660.jpg 1024w, https:\/\/hilaro.ee\/wordpress\/wp-content\/uploads\/2018\/06\/hilaro_1996_3-705x455.jpg 705w, https:\/\/hilaro.ee\/wordpress\/wp-content\/uploads\/2018\/06\/hilaro_1996_3-450x290.jpg 450w\" sizes=\"(max-width: 1400px) 100vw, 1400px\" \/><\/div><\/div><\/div><\/div><\/div><\/div><\/div><!-- close content main div --><\/div><div class='av-extra-border-element border-extra-arrow-down'><div class='av-extra-border-outer'><div class='av-extra-border-inner'><\/div><\/div><\/div><\/div>\n<style type=\"text\/css\" data-created_by=\"avia_inline_auto\" id=\"style-css-av-41evic-7a30d22b60f2223a45d4714ea3c2412b\">\n.avia-section.av-41evic-7a30d22b60f2223a45d4714ea3c2412b .av-extra-border-element .av-extra-border-inner{\nbackground-color:#ffffff;\n}\n<\/style>\n<div id='av_section_5'  class='avia-section av-41evic-7a30d22b60f2223a45d4714ea3c2412b alternate_color avia-section-huge avia-no-border-styling  avia-builder-el-15  el_after_av_section  avia-builder-el-last  avia-bg-style-fixed av-arrow-down-section container_wrap sidebar_right'  ><div class='container av-section-cont-open' ><div class='template-page content  av-content-small alpha units'><div class='post-entry post-entry-type-page post-entry-6241'><div class='entry-content-wrapper clearfix'>\n\n<style type=\"text\/css\" data-created_by=\"avia_inline_auto\" id=\"style-css-av-3xxlh8-3fcf8cb64cb4278a244ca4dd142b1f1a\">\n.flex_column.av-3xxlh8-3fcf8cb64cb4278a244ca4dd142b1f1a{\nborder-radius:0px 0px 0px 0px;\npadding:0px 0px 0px 0px;\n}\n<\/style>\n<div  class='flex_column av-3xxlh8-3fcf8cb64cb4278a244ca4dd142b1f1a av_one_full  avia-builder-el-16  el_before_av_one_fourth  avia-builder-el-first  first flex_column_div av-zero-column-padding  '     ><p>\n<style type=\"text\/css\" data-created_by=\"avia_inline_auto\" id=\"style-css-av-jipfhjbu-dc705d88a532a38a67e24ef20350310d\">\n#top .av-special-heading.av-jipfhjbu-dc705d88a532a38a67e24ef20350310d{\npadding-bottom:0;\nfont-size:50px;\n}\nbody .av-special-heading.av-jipfhjbu-dc705d88a532a38a67e24ef20350310d .av-special-heading-tag .heading-char{\nfont-size:25px;\n}\n#top #wrap_all .av-special-heading.av-jipfhjbu-dc705d88a532a38a67e24ef20350310d .av-special-heading-tag{\nfont-size:50px;\n}\n.av-special-heading.av-jipfhjbu-dc705d88a532a38a67e24ef20350310d .av-subheading{\nfont-size:15px;\n}\n\n@media only screen and (min-width: 480px) and (max-width: 767px){ \n#top #wrap_all .av-special-heading.av-jipfhjbu-dc705d88a532a38a67e24ef20350310d .av-special-heading-tag{\nfont-size:0.8em;\n}\n}\n\n@media only screen and (max-width: 479px){ \n#top #wrap_all .av-special-heading.av-jipfhjbu-dc705d88a532a38a67e24ef20350310d .av-special-heading-tag{\nfont-size:0.8em;\n}\n}\n<\/style>\n<div  class='av-special-heading av-jipfhjbu-dc705d88a532a38a67e24ef20350310d av-special-heading-h3 blockquote modern-quote modern-centered  avia-builder-el-17  el_before_av_hr  avia-builder-el-first  av-inherit-size'><h3 class='av-special-heading-tag '  itemprop=\"headline\"  >Legend Ceciliast<\/h3><div class=\"special-heading-border\"><div class=\"special-heading-inner-border\"><\/div><\/div><\/div><br \/>\n\n<style type=\"text\/css\" data-created_by=\"avia_inline_auto\" id=\"style-css-av-3ko57g-4ca4fa3a4cbf05d4656a4e2ba2558f1a\">\n#top .hr.av-3ko57g-4ca4fa3a4cbf05d4656a4e2ba2558f1a{\nmargin-top:15px;\nmargin-bottom:40px;\n}\n.hr.av-3ko57g-4ca4fa3a4cbf05d4656a4e2ba2558f1a .hr-inner{\nwidth:50px;\nborder-color:#000000;\nmax-width:45%;\n}\n.hr.av-3ko57g-4ca4fa3a4cbf05d4656a4e2ba2558f1a .av-seperator-icon{\ncolor:#d63e2d;\n}\n<\/style>\n<div  class='hr av-3ko57g-4ca4fa3a4cbf05d4656a4e2ba2558f1a hr-custom  avia-builder-el-18  el_after_av_heading  avia-builder-el-last  hr-center hr-icon-yes'><span class='hr-inner inner-border-av-border-fat'><span class=\"hr-inner-style\"><\/span><\/span><span class='av-seperator-icon' aria-hidden='true' data-av_icon='\ue8b4' data-av_iconfont='entypo-fontello'><\/span><span class='hr-inner inner-border-av-border-fat'><span class=\"hr-inner-style\"><\/span><\/span><\/div><\/p><\/div>\n<style type=\"text\/css\" data-created_by=\"avia_inline_auto\" id=\"style-css-av-hcpbh-60be89b1b8a73c33f41a87f34f748a71\">\n.flex_column.av-hcpbh-60be89b1b8a73c33f41a87f34f748a71{\nborder-radius:0px 0px 0px 0px;\npadding:0px 0px 0px 0px;\n}\n<\/style>\n<div  class='flex_column av-hcpbh-60be89b1b8a73c33f41a87f34f748a71 av_one_fourth  avia-builder-el-19  el_after_av_one_full  el_before_av_three_fourth  first flex_column_div av-zero-column-padding  column-top-margin'     ><style type=\"text\/css\" data-created_by=\"avia_inline_auto\" id=\"style-css-av-21xb7x-ca5ad5bed99b758fa49d8893fa018a66\">\n.avia-image-container.av-21xb7x-ca5ad5bed99b758fa49d8893fa018a66 img.avia_image{\nbox-shadow:none;\n}\n.avia-image-container.av-21xb7x-ca5ad5bed99b758fa49d8893fa018a66 .av-image-caption-overlay-center{\ncolor:#ffffff;\n}\n<\/style>\n<div  class='avia-image-container av-21xb7x-ca5ad5bed99b758fa49d8893fa018a66 av-styling- avia-align-center  avia-builder-el-20  avia-builder-el-no-sibling '   itemprop=\"image\" itemscope=\"itemscope\" itemtype=\"https:\/\/schema.org\/ImageObject\" ><div class=\"avia-image-container-inner\"><div class=\"avia-image-overlay-wrap\"><img decoding=\"async\" fetchpriority=\"high\" class='wp-image-6247 avia-img-lazy-loading-not-6247 avia_image ' src=\"https:\/\/hilaro.ee\/wordpress\/wp-content\/uploads\/2018\/06\/projekt_missa_02-193x300.jpg\" alt='' title='projekt_missa_02'  height=\"300\" width=\"193\"  itemprop=\"thumbnailUrl\" srcset=\"https:\/\/hilaro.ee\/wordpress\/wp-content\/uploads\/2018\/06\/projekt_missa_02-193x300.jpg 193w, https:\/\/hilaro.ee\/wordpress\/wp-content\/uploads\/2018\/06\/projekt_missa_02.jpg 289w\" sizes=\"(max-width: 193px) 100vw, 193px\" \/><\/div><\/div><\/div><\/div>\n<style type=\"text\/css\" data-created_by=\"avia_inline_auto\" id=\"style-css-av-79ocu5-ec382470aaeabf4da5ec4f2a3ec3bdfa\">\n.flex_column.av-79ocu5-ec382470aaeabf4da5ec4f2a3ec3bdfa{\nborder-radius:0px 0px 0px 0px;\npadding:0px 0px 0px 0px;\n}\n<\/style>\n<div  class='flex_column av-79ocu5-ec382470aaeabf4da5ec4f2a3ec3bdfa av_three_fourth  avia-builder-el-21  el_after_av_one_fourth  avia-builder-el-last  flex_column_div av-zero-column-padding  column-top-margin'     ><section  class='av_textblock_section av-6hc4fx-d227af0574391c5c67eca0fefa5caa4a '   itemscope=\"itemscope\" itemtype=\"https:\/\/schema.org\/CreativeWork\" ><div class='avia_textblock'  itemprop=\"text\" ><p>Kui Cecilia \u00fcldse olemas oli, siis elas ta ilmselt kristlaste tagakiusaja keiser Aleksander Severuse ajal 3. sajandi alguses. Enne 5. sajandit ei teatud temast midagi, kuid siis muutus ta legend \u00e4kki \u00fcheks populaarsemaks m\u00e4rtrilooks.<\/p>\n<p>Legendi j\u00e4rgi s\u00fcndis Cecilia Rooma kristlasest \u00fclikuperes ja otsustas juba varases nooruses end Jumalale p\u00fchendada. Vastu ta tahtmist pandi Cecilia kellelegi Valerianusele mehele, kuid pulma\u00f6\u00f6l teatas ta oma otsusest ning n\u00f5udis selle respekteerimist. Valerianusest ja tema vennast Tibertiusest said selle peale samuti kristlased ja nad p\u00fchendusid heategevusele. Kristlastest m\u00e4rtrite matmiselt tabatuna viidi nad kohtu ette ja kui nad keeldusid toimetamast n\u00f5utud paganlikke riitusi, hukati nad koos nende m\u00f5ju alla sattunud s\u00f5duri Maximusega. Cecilia tabati n\u00fc\u00fcd mehe ja teiste hukatute surnukehasid matmas ning toodi omakorda prefekt Almachiuse ette. Almachius ei suutnud neiut v\u00e4itluses v\u00f5ita ning andis k\u00e4su ta saunas l\u00e4mmatada.<\/p>\n<p>Suits ja ving aga ei teinud Ceciliale midagi. J\u00e4rgnes k\u00e4sk Cecilia pea maha l\u00fc\u00fca, kuid s\u00f5dur, kes seda pidi tegema, ei tulnud kolme korragagi toime. Cecilia kannatas kolm p\u00e4eva, lauldes seejuures koguaeg kiidulaule Issandale.Cecilia surma j\u00e4rel sai tema majast kirik, ilmselt Sta Cecilia Rooma Trastevere linnaosas.<\/p>\n<p>Tema kultus muusikute ja muusika patroonina p\u00e4rineb 16.sajandist. Kui Roomas 1584. aastal asutati muusikaakadeemia, kuulutati Cecilia selle patrooniks.<\/p>\n<\/div><\/section><\/div>\n<\/div><\/div><\/div><!-- close content main div --><\/div><div class='av-extra-border-element border-extra-arrow-down'><div class='av-extra-border-outer'><div class='av-extra-border-inner'><\/div><\/div><\/div><\/div><div id='after_section_5'  class='main_color av_default_container_wrap container_wrap sidebar_right'  ><div class='container av-section-cont-open' ><div class='template-page content  av-content-small alpha units'><div class='post-entry post-entry-type-page post-entry-6241'><div class='entry-content-wrapper clearfix'><\/p>\n","protected":false},"excerpt":{"rendered":"","protected":false},"author":1,"featured_media":0,"parent":5879,"menu_order":0,"comment_status":"closed","ping_status":"closed","template":"","meta":{"footnotes":""},"class_list":["post-6241","page","type-page","status-publish","hentry"],"_links":{"self":[{"href":"https:\/\/www.hilaro.ee\/wordpress\/wp-json\/wp\/v2\/pages\/6241"}],"collection":[{"href":"https:\/\/www.hilaro.ee\/wordpress\/wp-json\/wp\/v2\/pages"}],"about":[{"href":"https:\/\/www.hilaro.ee\/wordpress\/wp-json\/wp\/v2\/types\/page"}],"author":[{"embeddable":true,"href":"https:\/\/www.hilaro.ee\/wordpress\/wp-json\/wp\/v2\/users\/1"}],"replies":[{"embeddable":true,"href":"https:\/\/www.hilaro.ee\/wordpress\/wp-json\/wp\/v2\/comments?post=6241"}],"version-history":[{"count":5,"href":"https:\/\/www.hilaro.ee\/wordpress\/wp-json\/wp\/v2\/pages\/6241\/revisions"}],"predecessor-version":[{"id":6258,"href":"https:\/\/www.hilaro.ee\/wordpress\/wp-json\/wp\/v2\/pages\/6241\/revisions\/6258"}],"up":[{"embeddable":true,"href":"https:\/\/www.hilaro.ee\/wordpress\/wp-json\/wp\/v2\/pages\/5879"}],"wp:attachment":[{"href":"https:\/\/www.hilaro.ee\/wordpress\/wp-json\/wp\/v2\/media?parent=6241"}],"curies":[{"name":"wp","href":"https:\/\/api.w.org\/{rel}","templated":true}]}}